{"id":43,"date":"2024-08-23T11:38:19","date_gmt":"2024-08-23T11:38:19","guid":{"rendered":"https:\/\/selec.ch\/wordpress2\/?page_id=43"},"modified":"2026-01-31T10:06:44","modified_gmt":"2026-01-31T10:06:44","slug":"downloads","status":"publish","type":"page","link":"https:\/\/selec.ch\/wordpress2\/index.php\/downloads\/","title":{"rendered":"Downloads"},"content":{"rendered":"<p>[et_pb_section fb_built=&#8220;1&#8243; next_background_color=&#8220;#ffffff&#8220; admin_label=&#8220;Section&#8220; module_id=&#8220;Top&#8220; _builder_version=&#8220;4.14.5&#8243; _module_preset=&#8220;default&#8220; background_enable_color=&#8220;off&#8220; background_image=&#8220;https:\/\/selec.ch\/wordpress2\/wp-content\/uploads\/2025\/04\/Backgound-Typenschild.png&#8220; background_blend=&#8220;multiply&#8220; custom_margin=&#8220;-76px||||false|false&#8220; custom_padding=&#8220;||600px||false|false&#8220; bottom_divider_style=&#8220;mountains2&#8243; background_last_edited=&#8220;on|phone&#8220; background_image_phone=&#8220;https:\/\/selec.ch\/wordpress2\/wp-content\/uploads\/2025\/04\/Background-S-gray.png&#8220; background_enable_image_phone=&#8220;on&#8220; custom_css_main_element=&#8220;height: calc(100vh &#8211; 400px);&#8220; da_popup_slug=&#8220;Top&#8220; da_disable_devices=&#8220;off|off|off&#8220; global_colors_info=&#8220;{}&#8220; da_is_popup=&#8220;off&#8220; da_exit_intent=&#8220;off&#8220; da_has_close=&#8220;on&#8220; da_alt_close=&#8220;off&#8220; da_dark_close=&#8220;off&#8220; da_not_modal=&#8220;on&#8220; da_is_singular=&#8220;off&#8220; da_with_loader=&#8220;off&#8220; da_has_shadow=&#8220;on&#8220;][et_pb_row column_structure=&#8220;1_2,1_2&#8243; _builder_version=&#8220;4.14.5&#8243; _module_preset=&#8220;default&#8220; max_width=&#8220;100%&#8220; custom_margin=&#8220;215px|auto||auto|false|false&#8220; global_colors_info=&#8220;{}&#8220;][et_pb_column type=&#8220;1_2&#8243; _builder_version=&#8220;4.14.5&#8243; _module_preset=&#8220;default&#8220; global_colors_info=&#8220;{}&#8220;][et_pb_text _builder_version=&#8220;4.14.5&#8243; _module_preset=&#8220;default&#8220; header_font=&#8220;Fira Sans|800|on|on|||||&#8220; header_text_color=&#8220;#000000&#8243; header_font_size=&#8220;70px&#8220; header_3_font=&#8220;DM Sans|||on|||||&#8220; header_3_text_color=&#8220;#e3304a&#8220; header_3_font_size=&#8220;20px&#8220; header_font_size_tablet=&#8220;70px&#8220; header_font_size_phone=&#8220;50px&#8220; header_font_size_last_edited=&#8220;on|phone&#8220; global_colors_info=&#8220;{}&#8220;]<\/p>\n<h1>Downloads<\/h1>\n<h2><\/h2>\n<h3>Wichtige Downloads und technische Dokumente<\/h3>\n<p>[\/et_pb_text][et_pb_button button_url=&#8220;#learnmore&#8220; button_text=&#8220;mehr erfahren&#8220; _builder_version=&#8220;4.14.5&#8243; _module_preset=&#8220;default&#8220; button_bg_color=&#8220;#000000&#8243; button_border_width=&#8220;2px&#8220; button_border_color=&#8220;RGBA(255,255,255,0)&#8220; button_icon=&#8220;&#x43;||divi||400&#8243; custom_margin=&#8220;-18px||||false|false&#8220; button_text_color_last_edited=&#8220;off|desktop&#8220; global_colors_info=&#8220;{}&#8220; button_text_color__hover_enabled=&#8220;on|hover&#8220; button_text_color__hover=&#8220;#FFFFFF&#8220; button_bg_color__hover_enabled=&#8220;on|hover&#8220; button_bg_color__hover=&#8220;#E3304A&#8220; button_bg_enable_color__hover=&#8220;on&#8220; button_border_width__hover_enabled=&#8220;on|hover&#8220; button_border_width__hover=&#8220;2px&#8220; button_border_color__hover_enabled=&#8220;on|desktop&#8220; button_border_color__hover=&#8220;#FFFFFF&#8220;][\/et_pb_button][et_pb_button button_url=&#8220;https:\/\/selec.ch\/wordpress2\/#KontaktForm&#8220; button_text=&#8220; &#8220; _builder_version=&#8220;4.14.5&#8243; _module_preset=&#8220;default&#8220; button_text_size=&#8220;32px&#8220; button_border_width=&#8220;2px&#8220; button_border_color=&#8220;RGBA(255,255,255,0)&#8220; button_border_radius=&#8220;76px&#8220; button_icon=&#8220;&#xe066;||divi||400&#8243; button_on_hover=&#8220;off&#8220; positioning=&#8220;fixed&#8220; position_origin_f=&#8220;bottom_right&#8220; position_origin_r=&#8220;bottom_right&#8220; vertical_offset=&#8220;28px&#8220; horizontal_offset=&#8220;28px&#8220; custom_margin=&#8220;-18px||||false|false&#8220; custom_padding=&#8220;|67px|70px|14px|false|false&#8220; scroll_fade_enable=&#8220;on&#8220; scroll_fade=&#8220;20|50|50|100|0|100%|100&#8243; button_text_color_last_edited=&#8220;off|desktop&#8220; global_colors_info=&#8220;{}&#8220; button_text_color__hover_enabled=&#8220;on|hover&#8220; button_text_color__hover=&#8220;#FFFFFF&#8220; button_bg_color__hover_enabled=&#8220;on|hover&#8220; button_bg_color__hover=&#8220;#000000&#8243; button_bg_enable_color__hover=&#8220;on&#8220; button_border_width__hover_enabled=&#8220;on|hover&#8220; button_border_width__hover=&#8220;2px&#8220; button_border_color__hover_enabled=&#8220;on|desktop&#8220; button_border_color__hover=&#8220;#FFFFFF&#8220; positioning__hover_enabled=&#8220;on|desktop&#8220; position_origin_a__hover_enabled=&#8220;on|desktop&#8220; position_origin_f__hover_enabled=&#8220;on|desktop&#8220; position_origin_r__hover_enabled=&#8220;on|desktop&#8220; positioning__hover=&#8220;fixed&#8220; position_origin_f__hover=&#8220;bottom_right&#8220; position_origin_r__hover=&#8220;bottom_right&#8220;][\/et_pb_button][\/et_pb_column][et_pb_column type=&#8220;1_2&#8243; _builder_version=&#8220;4.14.5&#8243; _module_preset=&#8220;default&#8220; global_colors_info=&#8220;{}&#8220;][\/et_pb_column][\/et_pb_row][\/et_pb_section][et_pb_section fb_built=&#8220;1&#8243; custom_padding_last_edited=&#8220;on|phone&#8220; admin_label=&#8220;Section&#8220; module_id=&#8220;learnmore&#8220; _builder_version=&#8220;4.14.5&#8243; _module_preset=&#8220;default&#8220; custom_padding=&#8220;133px||281px|||&#8220; custom_padding_tablet=&#8220;133px||281px|||&#8220; custom_padding_phone=&#8220;40px||100px||false|false&#8220; da_popup_slug=&#8220;learnmore&#8220; da_disable_devices=&#8220;off|off|off&#8220; global_colors_info=&#8220;{}&#8220; da_is_popup=&#8220;off&#8220; da_exit_intent=&#8220;off&#8220; da_has_close=&#8220;on&#8220; da_alt_close=&#8220;off&#8220; da_dark_close=&#8220;off&#8220; da_not_modal=&#8220;on&#8220; da_is_singular=&#8220;off&#8220; da_with_loader=&#8220;off&#8220; da_has_shadow=&#8220;on&#8220;][et_pb_row _builder_version=&#8220;4.14.5&#8243; _module_preset=&#8220;default&#8220; max_width=&#8220;80%&#8220; global_colors_info=&#8220;{}&#8220;][et_pb_column type=&#8220;4_4&#8243; _builder_version=&#8220;4.14.5&#8243; _module_preset=&#8220;default&#8220; global_colors_info=&#8220;{}&#8220;][et_pb_text content_tablet=&#8220;<\/p>\n<h2 data-start=%22124%22 data-end=%22179%22><strong data-start=%22124%22 data-end=%22179%22><span style=%22color: #ff0000;%22>Pr\u00e4zision in Bewegung<\/span> \u2013 SELEC AG<\/strong><\/h2>\n<p>&#8220; content_phone=&#8220;<\/p>\n<h2 data-start=%22124%22 data-end=%22179%22 style=%22text-align: left;%22><strong data-start=%22124%22 data-end=%22179%22><span style=%22color: #ff0000;%22>Pr\u00e4zision in Bewegung <\/span>SELEC AG<\/strong><\/h2>\n<p>&#8220; content_last_edited=&#8220;on|phone&#8220; _builder_version=&#8220;4.14.5&#8243; _module_preset=&#8220;default&#8220; header_text_color=&#8220;gcid-edf362c5-2efb-48d6-8ef0-977956b5de90&#8243; header_2_text_color=&#8220;#000000&#8243; header_2_font_size=&#8220;50px&#8220; header_2_line_height=&#8220;1.2em&#8220; header_2_font_size_tablet=&#8220;50px&#8220; header_2_font_size_phone=&#8220;28px&#8220; header_2_font_size_last_edited=&#8220;on|phone&#8220; global_colors_info=&#8220;{%22gcid-edf362c5-2efb-48d6-8ef0-977956b5de90%22:%91%22header_text_color%22%93}&#8220;]<\/p>\n<h2 data-start=\"124\" data-end=\"179\"><strong data-start=\"124\" data-end=\"179\"><span style=\"color: #ff0000;\">Pr\u00e4zision in Bewegung<\/span> \u2013 SELEC AG<\/strong><\/h2>\n<p>[\/et_pb_text][et_pb_text _builder_version=&#8220;4.14.5&#8243; _module_preset=&#8220;default&#8220; header_4_line_height_tablet=&#8220;&#8220; header_4_line_height_phone=&#8220;1.7em&#8220; header_4_line_height_last_edited=&#8220;on|phone&#8220; global_colors_info=&#8220;{}&#8220;]<\/p>\n<h4>Innovative Technik, h\u00f6chste Pr\u00e4zision und jahrzehntelange Erfahrung: SELEC entwickelt und fertigt hydraulische Servo- und Proportionalventile sowie passende Elektronik f\u00fcr anspruchsvolle Anwendungen in Industrie und Maschinenbau. Entdecken Sie in unserer Brosch\u00fcre modernste Steuerungsl\u00f6sungen f\u00fcr maximale Performance und Effizienz.<\/h4>\n<p>[\/et_pb_text][\/et_pb_column][\/et_pb_row][et_pb_row column_structure=&#8220;1_3,1_3,1_3&#8243; use_custom_gutter=&#8220;on&#8220; _builder_version=&#8220;4.14.5&#8243; _module_preset=&#8220;default&#8220; max_width=&#8220;70%&#8220; hover_enabled=&#8220;0&#8243; global_colors_info=&#8220;{}&#8220; sticky_enabled=&#8220;0&#8243;][et_pb_column type=&#8220;1_3&#8243; _builder_version=&#8220;4.14.5&#8243; _module_preset=&#8220;default&#8220; custom_padding=&#8220;22px||10px||false|false&#8220; link_option_url=&#8220;https:\/\/selec.ch\/wordpress2\/wp-content\/uploads\/2025\/06\/Business-Brochure-SELEC_Deutsch.pdf&#8220; link_option_url_new_window=&#8220;on&#8220; border_radii=&#8220;on|10px|10px|10px|10px&#8220; box_shadow_style=&#8220;preset1&#8243; global_colors_info=&#8220;{}&#8220;][et_pb_icon font_icon=&#8220;&#xf518;||fa||900&#8243; icon_color=&#8220;#000000&#8243; _builder_version=&#8220;4.14.5&#8243; _module_preset=&#8220;default&#8220; global_colors_info=&#8220;{}&#8220;][\/et_pb_icon][et_pb_text _builder_version=&#8220;4.14.5&#8243; _module_preset=&#8220;default&#8220; header_2_font_size=&#8220;30px&#8220; custom_margin=&#8220;-28px||5px||false|false&#8220; global_colors_info=&#8220;{}&#8220;]<\/p>\n<h2 style=\"text-align: center;\">DE<\/h2>\n<p>[\/et_pb_text][et_pb_text _builder_version=&#8220;4.14.5&#8243; _module_preset=&#8220;default&#8220; global_colors_info=&#8220;{}&#8220;]<\/p>\n<h4 style=\"text-align: center;\">Business Brosch\u00fcre &#8211; Selec AG\u00a0<\/h4>\n<p>[\/et_pb_text][\/et_pb_column][et_pb_column type=&#8220;1_3&#8243; _builder_version=&#8220;4.14.5&#8243; _module_preset=&#8220;default&#8220; custom_padding=&#8220;22px||10px||false|false&#8220; link_option_url=&#8220;https:\/\/selec.ch\/wordpress2\/wp-content\/uploads\/2025\/06\/Business-Brochure-SELEC_Englisch.pdf&#8220; link_option_url_new_window=&#8220;on&#8220; border_radii=&#8220;on|10px|10px|10px|10px&#8220; box_shadow_style=&#8220;preset1&#8243; global_colors_info=&#8220;{}&#8220;][et_pb_icon font_icon=&#8220;&#xf518;||fa||900&#8243; icon_color=&#8220;#000000&#8243; _builder_version=&#8220;4.14.5&#8243; _module_preset=&#8220;default&#8220; global_colors_info=&#8220;{}&#8220;][\/et_pb_icon][et_pb_text _builder_version=&#8220;4.14.5&#8243; _module_preset=&#8220;default&#8220; header_2_font_size=&#8220;30px&#8220; custom_margin=&#8220;-28px||5px||false|false&#8220; global_colors_info=&#8220;{}&#8220;]<\/p>\n<h2 style=\"text-align: center;\">EN<\/h2>\n<p>[\/et_pb_text][et_pb_text _builder_version=&#8220;4.14.5&#8243; _module_preset=&#8220;default&#8220; global_colors_info=&#8220;{}&#8220;]<\/p>\n<h4 style=\"text-align: center;\">Business Brochure \u2013 Selec AG<\/h4>\n<p>[\/et_pb_text][\/et_pb_column][et_pb_column type=&#8220;1_3&#8243; _builder_version=&#8220;4.14.5&#8243; _module_preset=&#8220;default&#8220; custom_padding=&#8220;22px||10px||false|false&#8220; link_option_url=&#8220;https:\/\/selec.ch\/wordpress2\/wp-content\/uploads\/2026\/01\/Business-Brochure-SELEC_Chinese2.pdf&#8220; link_option_url_new_window=&#8220;on&#8220; hover_enabled=&#8220;0&#8243; border_radii=&#8220;on|10px|10px|10px|10px&#8220; box_shadow_style=&#8220;preset1&#8243; global_colors_info=&#8220;{}&#8220; sticky_enabled=&#8220;0&#8243;][et_pb_icon font_icon=&#8220;&#xf518;||fa||900&#8243; icon_color=&#8220;#000000&#8243; _builder_version=&#8220;4.14.5&#8243; _module_preset=&#8220;default&#8220; hover_enabled=&#8220;0&#8243; global_colors_info=&#8220;{}&#8220; sticky_enabled=&#8220;0&#8243;][\/et_pb_icon][et_pb_text _builder_version=&#8220;4.14.5&#8243; _module_preset=&#8220;default&#8220; header_2_font_size=&#8220;30px&#8220; custom_margin=&#8220;-28px||5px||false|false&#8220; hover_enabled=&#8220;0&#8243; global_colors_info=&#8220;{}&#8220; sticky_enabled=&#8220;0&#8243;]<\/p>\n<h2 style=\"text-align: center;\">CN<\/h2>\n<p>[\/et_pb_text][et_pb_text _builder_version=&#8220;4.14.5&#8243; _module_preset=&#8220;default&#8220; hover_enabled=&#8220;0&#8243; global_colors_info=&#8220;{}&#8220; sticky_enabled=&#8220;0&#8243;]<\/p>\n<h4 style=\"text-align: center;\">\u8d5b\u83b1\u514b\u80a1\u4efd\u516c\u53f8 &#8211; Selec AG<\/h4>\n<p>[\/et_pb_text][\/et_pb_column][\/et_pb_row][\/et_pb_section]<\/p>\n","protected":false},"excerpt":{"rendered":"<p>Downloads Wichtige Downloads und technische DokumentePr\u00e4zision in Bewegung \u2013 SELEC AGInnovative Technik, h\u00f6chste Pr\u00e4zision und jahrzehntelange Erfahrung: SELEC entwickelt und fertigt hydraulische Servo- und Proportionalventile sowie passende Elektronik f\u00fcr anspruchsvolle Anwendungen in Industrie und Maschinenbau. Entdecken Sie in unserer Brosch\u00fcre modernste Steuerungsl\u00f6sungen f\u00fcr maximale Performance und Effizienz.DEBusiness Brosch\u00fcre &#8211; Selec AG\u00a0ENBusiness Brochure \u2013 Selec AGCN\u8d5b\u83b1\u514b\u80a1\u4efd\u516c\u53f8 [&hellip;]<\/p>\n","protected":false},"author":1,"featured_media":0,"parent":0,"menu_order":0,"comment_status":"closed","ping_status":"closed","template":"","meta":{"_et_pb_use_builder":"on","_et_pb_old_content":"","_et_gb_content_width":"","footnotes":""},"class_list":["post-43","page","type-page","status-publish","hentry"],"jetpack_sharing_enabled":true,"_links":{"self":[{"href":"https:\/\/selec.ch\/wordpress2\/index.php\/wp-json\/wp\/v2\/pages\/43","targetHints":{"allow":["GET"]}}],"collection":[{"href":"https:\/\/selec.ch\/wordpress2\/index.php\/wp-json\/wp\/v2\/pages"}],"about":[{"href":"https:\/\/selec.ch\/wordpress2\/index.php\/wp-json\/wp\/v2\/types\/page"}],"author":[{"embeddable":true,"href":"https:\/\/selec.ch\/wordpress2\/index.php\/wp-json\/wp\/v2\/users\/1"}],"replies":[{"embeddable":true,"href":"https:\/\/selec.ch\/wordpress2\/index.php\/wp-json\/wp\/v2\/comments?post=43"}],"version-history":[{"count":16,"href":"https:\/\/selec.ch\/wordpress2\/index.php\/wp-json\/wp\/v2\/pages\/43\/revisions"}],"predecessor-version":[{"id":1770,"href":"https:\/\/selec.ch\/wordpress2\/index.php\/wp-json\/wp\/v2\/pages\/43\/revisions\/1770"}],"wp:attachment":[{"href":"https:\/\/selec.ch\/wordpress2\/index.php\/wp-json\/wp\/v2\/media?parent=43"}],"curies":[{"name":"wp","href":"https:\/\/api.w.org\/{rel}","templated":true}]}}