{"id":47,"date":"2024-08-23T11:39:01","date_gmt":"2024-08-23T11:39:01","guid":{"rendered":"https:\/\/selec.ch\/wordpress2\/?page_id=47"},"modified":"2025-08-11T11:04:09","modified_gmt":"2025-08-11T11:04:09","slug":"impressum","status":"publish","type":"page","link":"https:\/\/selec.ch\/wordpress2\/index.php\/impressum\/","title":{"rendered":"Impressum"},"content":{"rendered":"<p>[et_pb_section fb_built=&#8220;1&#8243; next_background_color=&#8220;#ffffff&#8220; admin_label=&#8220;Section&#8220; module_id=&#8220;Top&#8220; _builder_version=&#8220;4.14.5&#8243; _module_preset=&#8220;default&#8220; background_enable_color=&#8220;off&#8220; background_image=&#8220;https:\/\/selec.ch\/wordpress2\/wp-content\/uploads\/2025\/04\/Backgound-Typenschild.png&#8220; background_blend=&#8220;multiply&#8220; custom_margin=&#8220;-76px||||false|false&#8220; custom_padding=&#8220;||600px||false|false&#8220; bottom_divider_style=&#8220;mountains2&#8243; background_last_edited=&#8220;on|phone&#8220; background_image_phone=&#8220;https:\/\/selec.ch\/wordpress2\/wp-content\/uploads\/2025\/04\/Background-S-gray.png&#8220; background_enable_image_phone=&#8220;on&#8220; custom_css_main_element=&#8220;height: calc(100vh &#8211; 400px);&#8220; da_popup_slug=&#8220;Top&#8220; da_disable_devices=&#8220;off|off|off&#8220; global_colors_info=&#8220;{}&#8220; da_is_popup=&#8220;off&#8220; da_exit_intent=&#8220;off&#8220; da_has_close=&#8220;on&#8220; da_alt_close=&#8220;off&#8220; da_dark_close=&#8220;off&#8220; da_not_modal=&#8220;on&#8220; da_is_singular=&#8220;off&#8220; da_with_loader=&#8220;off&#8220; da_has_shadow=&#8220;on&#8220;][et_pb_row column_structure=&#8220;1_2,1_2&#8243; _builder_version=&#8220;4.14.5&#8243; _module_preset=&#8220;default&#8220; custom_margin=&#8220;215px|auto||auto|false|false&#8220; global_colors_info=&#8220;{}&#8220;][et_pb_column type=&#8220;1_2&#8243; _builder_version=&#8220;4.14.5&#8243; _module_preset=&#8220;default&#8220; global_colors_info=&#8220;{}&#8220;][et_pb_text _builder_version=&#8220;4.14.5&#8243; _module_preset=&#8220;default&#8220; header_font=&#8220;Fira Sans|800|on|on|||||&#8220; header_text_color=&#8220;#000000&#8243; header_font_size=&#8220;70px&#8220; header_3_font=&#8220;DM Sans|||on|||||&#8220; header_3_text_color=&#8220;#e3304a&#8220; header_3_font_size=&#8220;20px&#8220; header_font_size_tablet=&#8220;70px&#8220; header_font_size_phone=&#8220;50px&#8220; header_font_size_last_edited=&#8220;on|phone&#8220; global_colors_info=&#8220;{}&#8220;]<\/p>\n<h1>Impressum<\/h1>\n<h2><\/h2>\n<h3>Unser Impressum f\u00fcr volle Transparenz<\/h3>\n<p>[\/et_pb_text][et_pb_text _builder_version=&#8220;4.14.5&#8243; _module_preset=&#8220;default&#8220; global_colors_info=&#8220;{}&#8220;]<\/p>\n<p>Firmenname: Selec ag,<br \/>Adresse Produktion &amp; Verkauf: Tr\u00e4gerhardtmatte 6, CH-5430 Wettingen, Schweiz<br \/>Verwaltungsrat: Fr. Ing. Svenja L\u00fctje<br \/>Gesch\u00e4ftsf\u00fchrer: Hr. Peter Stamm<br \/>info@selec.ch, Tel: +41 (0)56 406 31 91<br \/>Handelsregister Nr.: CH-400.3.028.381-2, MwSt Nr.:666474, UID:CHF-113.416.936<\/p>\n<p>[\/et_pb_text][et_pb_button button_url=&#8220;https:\/\/selec.ch\/wordpress2\/#KontaktForm&#8220; button_text=&#8220; &#8220; _builder_version=&#8220;4.14.5&#8243; _module_preset=&#8220;default&#8220; button_text_size=&#8220;32px&#8220; button_border_width=&#8220;2px&#8220; button_border_color=&#8220;RGBA(255,255,255,0)&#8220; button_border_radius=&#8220;76px&#8220; button_icon=&#8220;&#xe066;||divi||400&#8243; button_on_hover=&#8220;off&#8220; positioning=&#8220;fixed&#8220; position_origin_f=&#8220;bottom_right&#8220; position_origin_r=&#8220;bottom_right&#8220; vertical_offset=&#8220;28px&#8220; horizontal_offset=&#8220;28px&#8220; custom_margin=&#8220;-18px||||false|false&#8220; custom_padding=&#8220;|67px|70px|14px|false|false&#8220; scroll_fade_enable=&#8220;on&#8220; scroll_fade=&#8220;20|50|50|100|0|100%|100&#8243; button_text_color_last_edited=&#8220;off|desktop&#8220; global_colors_info=&#8220;{}&#8220; button_text_color__hover_enabled=&#8220;on|hover&#8220; button_text_color__hover=&#8220;#FFFFFF&#8220; button_bg_color__hover_enabled=&#8220;on|hover&#8220; button_bg_color__hover=&#8220;#000000&#8243; button_bg_enable_color__hover=&#8220;on&#8220; button_border_width__hover_enabled=&#8220;on|hover&#8220; button_border_width__hover=&#8220;2px&#8220; button_border_color__hover_enabled=&#8220;on|desktop&#8220; button_border_color__hover=&#8220;#FFFFFF&#8220; positioning__hover_enabled=&#8220;on|desktop&#8220; position_origin_a__hover_enabled=&#8220;on|desktop&#8220; position_origin_f__hover_enabled=&#8220;on|desktop&#8220; position_origin_r__hover_enabled=&#8220;on|desktop&#8220; positioning__hover=&#8220;fixed&#8220; position_origin_f__hover=&#8220;bottom_right&#8220; position_origin_r__hover=&#8220;bottom_right&#8220;][\/et_pb_button][\/et_pb_column][et_pb_column type=&#8220;1_2&#8243; _builder_version=&#8220;4.14.5&#8243; _module_preset=&#8220;default&#8220; global_colors_info=&#8220;{}&#8220;][\/et_pb_column][\/et_pb_row][\/et_pb_section][et_pb_section fb_built=&#8220;1&#8243; admin_label=&#8220;Section&#8220; module_id=&#8220;learnmore&#8220; _builder_version=&#8220;4.14.5&#8243; _module_preset=&#8220;default&#8220; custom_padding=&#8220;30px|||||&#8220; da_popup_slug=&#8220;learnmore&#8220; da_disable_devices=&#8220;off|off|off&#8220; global_colors_info=&#8220;{}&#8220; da_is_popup=&#8220;off&#8220; da_exit_intent=&#8220;off&#8220; da_has_close=&#8220;on&#8220; da_alt_close=&#8220;off&#8220; da_dark_close=&#8220;off&#8220; da_not_modal=&#8220;on&#8220; da_is_singular=&#8220;off&#8220; da_with_loader=&#8220;off&#8220; da_has_shadow=&#8220;on&#8220;][et_pb_row _builder_version=&#8220;4.14.5&#8243; _module_preset=&#8220;default&#8220; custom_margin=&#8220;||||false|false&#8220; global_colors_info=&#8220;{}&#8220;][et_pb_column type=&#8220;4_4&#8243; _builder_version=&#8220;4.14.5&#8243; _module_preset=&#8220;default&#8220; global_colors_info=&#8220;{}&#8220;][et_pb_text _builder_version=&#8220;4.14.5&#8243; _module_preset=&#8220;default&#8220; header_4_font_size=&#8220;20px&#8220; global_colors_info=&#8220;{}&#8220;]<\/p>\n<h4>Content Management System (CMS)<\/h4>\n<p>Unser Webauftritt basiert auf<span>\u00a0<\/span><a title=\"WordPress\" href=\"https:\/\/wordpress.org\/\" target=\"_blank\" rel=\"noopener noreferrer\">WordPress<\/a><\/p>\n<p>&nbsp;<\/p>\n<h4>Datenschutzerkl\u00e4rung<\/h4>\n<p>Verantwortliche Stelle im Sinne der Datenschutzgesetze, insbesondere der EU-Datenschutzgrundverordnung (DSGVO), ist:<\/p>\n<p><span>Selec AG<\/span><br \/><span>T\u00e4gerhardmatte 6<\/span><br \/><span>CH-5430 Wettingen<\/span><br \/><span>Switzerland<\/span><\/p>\n<p>info@selec.ch<br \/>Tel: +41 (0)56 406 31 91<\/p>\n<p>&nbsp;<\/p>\n<h4>Allgemeine Datenschutzerkl\u00e4rung<\/h4>\n<p>Durch die Nutzung dieser WebSite erkl\u00e4ren Sie sich mit der Erhebung, Verarbeitung und Nutzung von Daten gem\u00e4ss der nachfolgenden Beschreibung einverstanden. Diese WebSite kann grunds\u00e4tzlich ohne Registrierung besucht werden. Dabei werden Daten wie beispielsweise aufgerufene Seiten bzw. Namen der abgerufenen Datei, Datum und Uhrzeit zu statistischen Zwecken auf dem Server gespeichert, ohne dass diese Daten unmittelbar auf Ihre Person bezogen werden. Personenbezogene Daten, insbesondere Name, Adresse oder E-Mail-Adresse werden soweit m\u00f6glich auf freiwilliger Basis erhoben. Ohne Ihre Einwilligung erfolgt keine Weitergabe der Daten an Dritte.<\/p>\n<p>&nbsp;<\/p>\n<h4>Datenschutzerkl\u00e4rung f\u00fcr Cookies<\/h4>\n<p>Diese WebSite verwendet Cookies. Das sind kleine Textdateien, die es m\u00f6glich machen, auf dem Endger\u00e4t des Nutzers spezifische, auf den Nutzer bezogene Informationen zu speichern, w\u00e4hrend er die Website nutzt. Cookies erm\u00f6glichen es, insbesondere Nutzungsh\u00e4ufigkeit und Nutzeranzahl der Seiten zu ermitteln, Verhaltensweisen der Seitennutzung zu analysieren, aber auch unser Angebot kundenfreundlicher zu gestalten. Cookies bleiben \u00fcber das Ende einer Browser-Sitzung gespeichert und k\u00f6nnen bei einem erneuten Seitenbesuch wieder aufgerufen werden. Wenn Sie das nicht w\u00fcnschen, sollten Sie Ihren Internetbrowser so einstellen, dass er die Annahme von Cookies verweigert.<\/p>\n<p>&nbsp;<\/p>\n<h4>Datenschutzerkl\u00e4rung f\u00fcr Kontaktformular<\/h4>\n<p>Wenn Sie uns per Kontaktformular Anfragen zukommen lassen, werden Ihre Angaben aus dem Anfrageformular inklusive der von Ihnen dort angegebenen Kontaktdaten zwecks Bearbeitung der Anfrage und f\u00fcr den Fall von Anschlussfragen bei uns gespeichert. Diese Daten geben wir nicht ohne Ihre Einwilligung weiter.<\/p>\n<p>&nbsp;<\/p>\n<h4>Datenschutzerkl\u00e4rung f\u00fcr Recht auf Auskunft, L\u00f6schung, Sperrung<\/h4>\n<p>Sie haben jederzeit das Recht auf unentgeltliche Auskunft \u00fcber Ihre gespeicherten personenbezogenen Daten, deren Herkunft und Empf\u00e4nger und den Zweck der Datenverarbeitung sowie ein Recht auf Berichtigung, Sperrung oder L\u00f6schung dieser Daten. Hierzu sowie zu weiteren Fragen zum Thema personenbezogene Daten k\u00f6nnen Sie sich jederzeit unter der im Impressum angegebenen Adresse an uns wenden.<\/p>\n<p>&nbsp;<\/p>\n<h4>\u00c4nderungen<\/h4>\n<p>Wir k\u00f6nnen diese Datenschutzerkl\u00e4rung jederzeit ohne Vorank\u00fcndigung anpassen. Es gilt die jeweils aktuelle, auf unserer Website publizierte Fassung. Soweit die Datenschutzerkl\u00e4rung Teil einer Vereinbarung mit Ihnen ist, werden wir Sie im Falle einer Aktualisierung \u00fcber die \u00c4nderung per E-Mail oder auf andere geeignete Weise informieren.<\/p>\n<p>Quelle:<span>\u00a0<\/span><a href=\"https:\/\/www.swissanwalt.ch\/datenschutz-generator.aspx\" target=\"_blank\" rel=\"noopener\">SwissAnwalt.ch<\/a><\/p>\n<p>[\/et_pb_text][\/et_pb_column][\/et_pb_row][\/et_pb_section]<\/p>\n","protected":false},"excerpt":{"rendered":"<p>Impressum Unser Impressum f\u00fcr volle TransparenzFirmenname: Selec ag,Adresse Produktion &amp; Verkauf: Tr\u00e4gerhardtmatte 6, CH-5430 Wettingen, SchweizVerwaltungsrat: Fr. Ing. Svenja L\u00fctjeGesch\u00e4ftsf\u00fchrer: Hr. Peter Stamminfo@selec.ch, Tel: +41 (0)56 406 31 91Handelsregister Nr.: CH-400.3.028.381-2, MwSt Nr.:666474, UID:CHF-113.416.936Content Management System (CMS) Unser Webauftritt basiert auf\u00a0WordPress &nbsp; Datenschutzerkl\u00e4rung Verantwortliche Stelle im Sinne der Datenschutzgesetze, insbesondere der EU-Datenschutzgrundverordnung (DSGVO), ist: Selec [&hellip;]<\/p>\n","protected":false},"author":1,"featured_media":0,"parent":0,"menu_order":0,"comment_status":"closed","ping_status":"closed","template":"","meta":{"_et_pb_use_builder":"on","_et_pb_old_content":"","_et_gb_content_width":"","footnotes":""},"class_list":["post-47","page","type-page","status-publish","hentry"],"jetpack_sharing_enabled":true,"_links":{"self":[{"href":"https:\/\/selec.ch\/wordpress2\/index.php\/wp-json\/wp\/v2\/pages\/47","targetHints":{"allow":["GET"]}}],"collection":[{"href":"https:\/\/selec.ch\/wordpress2\/index.php\/wp-json\/wp\/v2\/pages"}],"about":[{"href":"https:\/\/selec.ch\/wordpress2\/index.php\/wp-json\/wp\/v2\/types\/page"}],"author":[{"embeddable":true,"href":"https:\/\/selec.ch\/wordpress2\/index.php\/wp-json\/wp\/v2\/users\/1"}],"replies":[{"embeddable":true,"href":"https:\/\/selec.ch\/wordpress2\/index.php\/wp-json\/wp\/v2\/comments?post=47"}],"version-history":[{"count":15,"href":"https:\/\/selec.ch\/wordpress2\/index.php\/wp-json\/wp\/v2\/pages\/47\/revisions"}],"predecessor-version":[{"id":1442,"href":"https:\/\/selec.ch\/wordpress2\/index.php\/wp-json\/wp\/v2\/pages\/47\/revisions\/1442"}],"wp:attachment":[{"href":"https:\/\/selec.ch\/wordpress2\/index.php\/wp-json\/wp\/v2\/media?parent=47"}],"curies":[{"name":"wp","href":"https:\/\/api.w.org\/{rel}","templated":true}]}}