{"id":51,"date":"2024-08-23T11:40:08","date_gmt":"2024-08-23T11:40:08","guid":{"rendered":"https:\/\/selec.ch\/wordpress2\/?page_id=51"},"modified":"2025-09-15T07:09:22","modified_gmt":"2025-09-15T07:09:22","slug":"jobs","status":"publish","type":"page","link":"https:\/\/selec.ch\/wordpress2\/index.php\/jobs\/","title":{"rendered":"Jobs"},"content":{"rendered":"<p>[et_pb_section fb_built=&#8220;1&#8243; next_background_color=&#8220;#ffffff&#8220; _builder_version=&#8220;4.14.5&#8243; _module_preset=&#8220;default&#8220; background_image=&#8220;https:\/\/selec.ch\/wordpress2\/wp-content\/uploads\/2025\/04\/Backgound-Typenschild.png&#8220; z_index=&#8220;500&#8243; custom_margin=&#8220;-165px||||false|false&#8220; custom_padding=&#8220;250px||130px||false|false&#8220; bottom_divider_style=&#8220;mountains2&#8243; background_last_edited=&#8220;on|phone&#8220; background_image_phone=&#8220;https:\/\/selec.ch\/wordpress2\/wp-content\/uploads\/2025\/04\/Background-S-gray.png&#8220; background_enable_image_phone=&#8220;on&#8220; da_disable_devices=&#8220;off|off|off&#8220; global_colors_info=&#8220;{}&#8220; da_is_popup=&#8220;off&#8220; da_exit_intent=&#8220;off&#8220; da_has_close=&#8220;on&#8220; da_alt_close=&#8220;off&#8220; da_dark_close=&#8220;off&#8220; da_not_modal=&#8220;on&#8220; da_is_singular=&#8220;off&#8220; da_with_loader=&#8220;off&#8220; da_has_shadow=&#8220;on&#8220;][et_pb_row _builder_version=&#8220;4.14.5&#8243; _module_preset=&#8220;default&#8220; z_index=&#8220;500&#8243; global_colors_info=&#8220;{}&#8220;][et_pb_column type=&#8220;4_4&#8243; _builder_version=&#8220;4.14.5&#8243; _module_preset=&#8220;default&#8220; global_colors_info=&#8220;{}&#8220;][et_pb_text _builder_version=&#8220;4.14.5&#8243; _module_preset=&#8220;default&#8220; header_font=&#8220;Fira Sans|800|on|on|||||&#8220; header_text_color=&#8220;#000000&#8243; header_font_size=&#8220;70px&#8220; header_3_font=&#8220;DM Sans|||on|||||&#8220; header_3_text_color=&#8220;#e3304a&#8220; header_3_font_size=&#8220;20px&#8220; global_colors_info=&#8220;{}&#8220;]<\/p>\n<h1>Jobs<\/h1>\n<p>[\/et_pb_text][et_pb_text _builder_version=&#8220;4.14.5&#8243; _module_preset=&#8220;default&#8220; header_2_font_size=&#8220;32px&#8220; header_4_line_height=&#8220;1.4em&#8220; global_colors_info=&#8220;{}&#8220;]<\/p>\n<h2><strong>Offenen Stellen bei <\/strong><span style=\"color: #e3304a;\"><strong>Selec AG<\/strong><\/span><\/h2>\n<h4><\/h4>\n<p>[\/et_pb_text][et_pb_text _builder_version=&#8220;4.14.5&#8243; _module_preset=&#8220;default&#8220; header_2_font_size=&#8220;42px&#8220; header_4_line_height=&#8220;1.4em&#8220; custom_margin=&#8220;-15px|40%|||false|false&#8220; hover_enabled=&#8220;0&#8243; global_colors_info=&#8220;{}&#8220; custom_margin_last_edited=&#8220;on|phone&#8220; sticky_enabled=&#8220;0&#8243; custom_margin_phone=&#8220;|0%|||false|false&#8220; custom_margin_tablet=&#8220;-15px|40%|||false|false&#8220;]<\/p>\n<h4>Vielen Dank f\u00fcr Ihr Interesse an einer Karriere bei Selec AG.<br \/>Wir sind stets auf der Suche nach talentierten und motivierten Fachleuten, die unser Team verst\u00e4rken m\u00f6chten. Bitte besuchen Sie diese Seite regelm\u00e4\u00dfig oder folgen Sie uns auf unseren Social-Media-Kan\u00e4len, um \u00fcber zuk\u00fcnftige Karrierem\u00f6glichkeiten und Stellenangebote informiert zu bleiben.<br \/>Sollten Sie Fragen haben oder sich initiativ bewerben wollen, k\u00f6nnen Sie uns gerne eine E-Mail an <span style=\"color: #0000ff;\"><a href=\"https:\/\/selec.ch\/wordpress2\/index.php\/kontakt\/\" style=\"color: #0000ff;\">info@selec.ch <\/a><\/span>senden.<\/h4>\n<p>[\/et_pb_text][et_pb_text _builder_version=&#8220;4.14.5&#8243; _module_preset=&#8220;default&#8220; global_colors_info=&#8220;{}&#8220; content__hover_enabled=&#8220;on|hover&#8220; content__hover=&#8220;<\/p>\n<h3 class=%22p1%22><span style=%22color: #993300;%22><a href=%22https:\/\/selec.ch\/wordpress2\/wp-content\/uploads\/2025\/08\/Buchhaltungs-Job-10-50.pdf%22 style=%22color: #993300;%22 data-et-target-link=%22_blank%22 rel=%22noopener%22>&#8211; Sachbearbeiter Rechnungswesen und Administration 10 &#8211; 50%  (m\/w)<\/a><\/span><\/h3>\n<p>&#8222;]<\/p>\n<h3 class=\"p1\"><span style=\"color: #000080;\"><a href=\"https:\/\/selec.ch\/wordpress2\/wp-content\/uploads\/2025\/08\/Buchhaltungs-Job-10-50.pdf\" style=\"color: #000080;\" target=\"_blank\" rel=\"noopener\">&#8211; Sachbearbeiter Rechnungswesen und Administration 10 &#8211; 50% \u00a0(m\/w)<\/a><\/span><\/h3>\n<p>[\/et_pb_text][et_pb_text _builder_version=&#8220;4.14.5&#8243; _module_preset=&#8220;default&#8220; global_colors_info=&#8220;{}&#8220; content__hover_enabled=&#8220;on|hover&#8220; content__hover=&#8220;<\/p>\n<h3 class=%22p1%22><span style=%22color: #993300;%22><a href=%22https:\/\/selec.ch\/wordpress2\/wp-content\/uploads\/2025\/08\/Marketing-16.12.pdf%22 style=%22color: #993300;%22 data-et-target-link=%22_blank%22 rel=%22noopener%22>&#8211; Freelancer-Marketing-AllrounderIn<\/a><\/span><\/h3>\n<p>&#8222;]<\/p>\n<h3 class=\"p1\"><span style=\"color: #000080;\"><a href=\"https:\/\/selec.ch\/wordpress2\/wp-content\/uploads\/2025\/08\/Marketing-16.12.pdf\" style=\"color: #000080;\" target=\"_blank\" rel=\"noopener\">&#8211; Freelancer-Marketing-AllrounderIn<\/a><\/span><\/h3>\n<p>[\/et_pb_text][et_pb_button button_url=&#8220;https:\/\/selec.ch\/wordpress2\/#KontaktForm&#8220; button_text=&#8220; &#8220; _builder_version=&#8220;4.14.5&#8243; _module_preset=&#8220;default&#8220; button_text_size=&#8220;32px&#8220; button_border_width=&#8220;2px&#8220; button_border_color=&#8220;RGBA(255,255,255,0)&#8220; button_border_radius=&#8220;76px&#8220; button_icon=&#8220;&#xe066;||divi||400&#8243; button_on_hover=&#8220;off&#8220; positioning=&#8220;fixed&#8220; position_origin_f=&#8220;bottom_right&#8220; position_origin_r=&#8220;bottom_right&#8220; vertical_offset=&#8220;28px&#8220; horizontal_offset=&#8220;28px&#8220; z_index=&#8220;500&#8243; custom_margin=&#8220;-18px||||false|false&#8220; custom_padding=&#8220;|67px|70px|14px|false|false&#8220; scroll_fade_enable=&#8220;on&#8220; scroll_fade=&#8220;20|50|50|100|0|100%|100&#8243; button_text_color_last_edited=&#8220;off|desktop&#8220; global_colors_info=&#8220;{}&#8220; button_text_color__hover_enabled=&#8220;on|hover&#8220; button_text_color__hover=&#8220;#FFFFFF&#8220; button_bg_color__hover_enabled=&#8220;on|hover&#8220; button_bg_color__hover=&#8220;#000000&#8243; button_bg_enable_color__hover=&#8220;on&#8220; button_border_width__hover_enabled=&#8220;on|hover&#8220; button_border_width__hover=&#8220;2px&#8220; button_border_color__hover_enabled=&#8220;on|desktop&#8220; button_border_color__hover=&#8220;#FFFFFF&#8220; positioning__hover_enabled=&#8220;on|desktop&#8220; position_origin_a__hover_enabled=&#8220;on|desktop&#8220; position_origin_f__hover_enabled=&#8220;on|desktop&#8220; position_origin_r__hover_enabled=&#8220;on|desktop&#8220; positioning__hover=&#8220;fixed&#8220; position_origin_f__hover=&#8220;bottom_right&#8220; position_origin_r__hover=&#8220;bottom_right&#8220;][\/et_pb_button][\/et_pb_column][\/et_pb_row][\/et_pb_section][et_pb_section fb_built=&#8220;1&#8243; prev_background_color=&#8220;#000000&#8243; admin_label=&#8220;Section&#8220; module_id=&#8220;offenestellen&#8220; module_class=&#8220;offenestellen&#8220; _builder_version=&#8220;4.14.5&#8243; _module_preset=&#8220;default&#8220; custom_padding=&#8220;30px||1px|||&#8220; top_divider_style=&#8220;none&#8220; da_popup_slug=&#8220;offenestellen&#8220; da_disable_devices=&#8220;off|off|off&#8220; global_colors_info=&#8220;{}&#8220; da_is_popup=&#8220;off&#8220; da_exit_intent=&#8220;off&#8220; da_has_close=&#8220;on&#8220; da_alt_close=&#8220;off&#8220; da_dark_close=&#8220;off&#8220; da_not_modal=&#8220;on&#8220; da_is_singular=&#8220;off&#8220; da_with_loader=&#8220;off&#8220; da_has_shadow=&#8220;on&#8220;][\/et_pb_section]<\/p>\n","protected":false},"excerpt":{"rendered":"<p>JobsOffenen Stellen bei Selec AG Vielen Dank f\u00fcr Ihr Interesse an einer Karriere bei Selec AG.Wir sind stets auf der Suche nach talentierten und motivierten Fachleuten, die unser Team verst\u00e4rken m\u00f6chten. Bitte besuchen Sie diese Seite regelm\u00e4\u00dfig oder folgen Sie uns auf unseren Social-Media-Kan\u00e4len, um \u00fcber zuk\u00fcnftige Karrierem\u00f6glichkeiten und Stellenangebote informiert zu bleiben.Sollten Sie Fragen [&hellip;]<\/p>\n","protected":false},"author":1,"featured_media":0,"parent":0,"menu_order":0,"comment_status":"closed","ping_status":"closed","template":"","meta":{"_et_pb_use_builder":"on","_et_pb_old_content":"","_et_gb_content_width":"","footnotes":""},"class_list":["post-51","page","type-page","status-publish","hentry"],"jetpack_sharing_enabled":true,"_links":{"self":[{"href":"https:\/\/selec.ch\/wordpress2\/index.php\/wp-json\/wp\/v2\/pages\/51","targetHints":{"allow":["GET"]}}],"collection":[{"href":"https:\/\/selec.ch\/wordpress2\/index.php\/wp-json\/wp\/v2\/pages"}],"about":[{"href":"https:\/\/selec.ch\/wordpress2\/index.php\/wp-json\/wp\/v2\/types\/page"}],"author":[{"embeddable":true,"href":"https:\/\/selec.ch\/wordpress2\/index.php\/wp-json\/wp\/v2\/users\/1"}],"replies":[{"embeddable":true,"href":"https:\/\/selec.ch\/wordpress2\/index.php\/wp-json\/wp\/v2\/comments?post=51"}],"version-history":[{"count":26,"href":"https:\/\/selec.ch\/wordpress2\/index.php\/wp-json\/wp\/v2\/pages\/51\/revisions"}],"predecessor-version":[{"id":1659,"href":"https:\/\/selec.ch\/wordpress2\/index.php\/wp-json\/wp\/v2\/pages\/51\/revisions\/1659"}],"wp:attachment":[{"href":"https:\/\/selec.ch\/wordpress2\/index.php\/wp-json\/wp\/v2\/media?parent=51"}],"curies":[{"name":"wp","href":"https:\/\/api.w.org\/{rel}","templated":true}]}}