{"id":1268,"date":"2025-05-15T07:03:37","date_gmt":"2025-05-15T07:03:37","guid":{"rendered":"https:\/\/selec.ch\/wordpress2\/?post_type=product&#038;p=1268"},"modified":"2025-05-15T09:50:44","modified_gmt":"2025-05-15T09:50:44","slug":"valve-expert-checker","status":"publish","type":"product","link":"https:\/\/selec.ch\/wordpress2\/index.php\/produkt\/valve-expert-checker\/","title":{"rendered":"Valve Expert Checker"},"content":{"rendered":"<p>[et_pb_section fb_built=&#8220;1&#8243; _builder_version=&#8220;3.22&#8243; custom_padding=&#8220;0px||||false|false&#8220; da_disable_devices=&#8220;off|off|off&#8220; global_colors_info=&#8220;{}&#8220; da_is_popup=&#8220;off&#8220; da_exit_intent=&#8220;off&#8220; da_has_close=&#8220;on&#8220; da_alt_close=&#8220;off&#8220; da_dark_close=&#8220;off&#8220; da_not_modal=&#8220;on&#8220; da_is_singular=&#8220;off&#8220; da_with_loader=&#8220;off&#8220; da_has_shadow=&#8220;on&#8220;][et_pb_row _builder_version=&#8220;3.25&#8243; background_size=&#8220;initial&#8220; background_position=&#8220;top_left&#8220; background_repeat=&#8220;repeat&#8220; width=&#8220;100%&#8220; custom_padding=&#8220;0px||0px||false|false&#8220; global_colors_info=&#8220;{}&#8220;][et_pb_column type=&#8220;4_4&#8243; _builder_version=&#8220;3.25&#8243; custom_padding=&#8220;|||&#8220; global_colors_info=&#8220;{}&#8220; custom_padding__hover=&#8220;|||&#8220;][et_pb_wc_breadcrumb _builder_version=&#8220;3.0.47&#8243; global_colors_info=&#8220;{}&#8220;][\/et_pb_wc_breadcrumb][et_pb_wc_cart_notice global_colors_info=&#8220;{}&#8220;][\/et_pb_wc_cart_notice][\/et_pb_column][\/et_pb_row][et_pb_row column_structure=&#8220;1_2,1_2&#8243; _builder_version=&#8220;3.25&#8243; background_size=&#8220;initial&#8220; background_position=&#8220;top_left&#8220; background_repeat=&#8220;repeat&#8220; width=&#8220;100%&#8220; custom_padding=&#8220;0px||||false|false&#8220; global_colors_info=&#8220;{}&#8220;][et_pb_column type=&#8220;1_2&#8243; _builder_version=&#8220;3.25&#8243; custom_padding=&#8220;|||&#8220; global_colors_info=&#8220;{}&#8220; custom_padding__hover=&#8220;|||&#8220;][et_pb_wc_images _builder_version=&#8220;3.0.47&#8243; global_colors_info=&#8220;{}&#8220;][\/et_pb_wc_images][\/et_pb_column][et_pb_column type=&#8220;1_2&#8243; _builder_version=&#8220;3.25&#8243; custom_padding=&#8220;|||&#8220; global_colors_info=&#8220;{}&#8220; custom_padding__hover=&#8220;|||&#8220;][et_pb_wc_title _builder_version=&#8220;3.0.47&#8243; global_colors_info=&#8220;{}&#8220;][\/et_pb_wc_title][et_pb_wc_rating _builder_version=&#8220;3.0.47&#8243; global_colors_info=&#8220;{}&#8220;][\/et_pb_wc_rating][et_pb_wc_price _builder_version=&#8220;3.0.47&#8243; global_colors_info=&#8220;{}&#8220;][\/et_pb_wc_price][et_pb_wc_description _builder_version=&#8220;3.0.47&#8243; global_colors_info=&#8220;{}&#8220;][\/et_pb_wc_description][et_pb_wc_add_to_cart global_colors_info=&#8220;{}&#8220;][\/et_pb_wc_add_to_cart][et_pb_wc_meta _builder_version=&#8220;3.0.47&#8243; global_colors_info=&#8220;{}&#8220;][\/et_pb_wc_meta][\/et_pb_column][\/et_pb_row][et_pb_row _builder_version=&#8220;3.25&#8243; background_size=&#8220;initial&#8220; background_position=&#8220;top_left&#8220; background_repeat=&#8220;repeat&#8220; width=&#8220;100%&#8220; global_colors_info=&#8220;{}&#8220;][et_pb_column type=&#8220;4_4&#8243; _builder_version=&#8220;3.25&#8243; custom_padding=&#8220;|||&#8220; global_colors_info=&#8220;{}&#8220; custom_padding__hover=&#8220;|||&#8220;][et_pb_wc_tabs _builder_version=&#8220;3.0.47&#8243; global_colors_info=&#8220;{}&#8220;] [\/et_pb_wc_tabs][et_pb_wc_upsells _builder_version=&#8220;3.0.47&#8243; global_colors_info=&#8220;{}&#8220;][\/et_pb_wc_upsells][et_pb_wc_related_products _builder_version=&#8220;3.0.47&#8243; global_colors_info=&#8220;{}&#8220;][\/et_pb_wc_related_products][\/et_pb_column][\/et_pb_row][\/et_pb_section]<\/p>\n","protected":false},"excerpt":{"rendered":"<ul>\n<li>\n<h4>Schutz vor Verpolung, U\u0308berlastung und Kurzschlu\u0308ssen.<\/h4>\n<\/li>\n<li>\n<h4>Kompakte und robuste Konstruktion.<\/h4>\n<\/li>\n<li>\n<h4>Komplett versiegeltes Geha\u0308use.<\/h4>\n<\/li>\n<li>\n<h4>Sehr zuverla\u0308ssige Tastatur.<\/h4>\n<\/li>\n<li>\n<h4>Robuster Koffer (bruchfest, wasserdicht).<\/h4>\n<\/li>\n<\/ul>\n","protected":false},"featured_media":1236,"comment_status":"open","ping_status":"closed","template":"","meta":{"_et_pb_use_builder":"on","_et_pb_old_content":"Die Pr\u00fcfeinrichtung ValveExpert Checker 2.4 eignet sich f\u00fcr die Steuerung und Funktionspr\u00fcfung von Proportionalventilen mit integrierter Elektronik und einer Betriebsspannung von \u00b115V oder +24V. Es unterst\u00fctzt folgende Betriebsarten:\r\n\r\n\u2022 Externer Betrieb. In diesem Fall werden das elektrische Leistungs- und Befehlssignal vom Schaltschrank zum Ventil geliefert. Mit ValveExpert Checker 2.4 k\u00f6nnen Sie die Betriebsspannung, die Sollwerte aus dem Schaltschrank und die tats\u00e4chlichen R\u00fcckf\u00fchrwerte vom Ventil pr\u00fcfen.\r\n\r\n\u2022 Interner \/ externer Betrieb. In diesem Fall wird das Steuersignal vom Pr\u00fcfger\u00e4t versorgt. Die elektrische Stromversorgung erfolgt \u00fcber den Schaltschrank. ValveExpert Checker 2.4 erlaubt es, die Betriebsspannung vom Schaltschrank zu testen, die realen Sollwerte vom Pr\u00fcfger\u00e4t und die tats\u00e4chlichen R\u00fcckf\u00fchrungswerte vom Ventil zu \u00fcberpr\u00fcfen.\r\n\r\n\u2022 Interner Betrieb. In diesem Fall wird der Sollwert vom Pr\u00fcfger\u00e4t geliefert. Die Stromversorgung erfolgt \u00fcber ein separates Netzteil. ValveExpert Checker 2.4 erm\u00f6glicht die Pr\u00fcfung der Betriebsspannung der Stromversorgung, pr\u00fcft das reale Steuersignal vom Pr\u00fcfger\u00e4t und die tats\u00e4chlichen R\u00fcckf\u00fchrwerte vom Ventil.","_et_gb_content_width":""},"product_brand":[],"product_cat":[24],"product_tag":[25,26],"class_list":{"0":"post-1268","1":"product","2":"type-product","3":"status-publish","4":"has-post-thumbnail","6":"product_cat-servoventile","7":"product_tag-proportionalventil","8":"product_tag-servoventil","10":"first","11":"instock","12":"taxable","13":"shipping-taxable","14":"purchasable","15":"product-type-simple"},"jetpack_sharing_enabled":true,"_links":{"self":[{"href":"https:\/\/selec.ch\/wordpress2\/index.php\/wp-json\/wp\/v2\/product\/1268","targetHints":{"allow":["GET"]}}],"collection":[{"href":"https:\/\/selec.ch\/wordpress2\/index.php\/wp-json\/wp\/v2\/product"}],"about":[{"href":"https:\/\/selec.ch\/wordpress2\/index.php\/wp-json\/wp\/v2\/types\/product"}],"replies":[{"embeddable":true,"href":"https:\/\/selec.ch\/wordpress2\/index.php\/wp-json\/wp\/v2\/comments?post=1268"}],"wp:featuredmedia":[{"embeddable":true,"href":"https:\/\/selec.ch\/wordpress2\/index.php\/wp-json\/wp\/v2\/media\/1236"}],"wp:attachment":[{"href":"https:\/\/selec.ch\/wordpress2\/index.php\/wp-json\/wp\/v2\/media?parent=1268"}],"wp:term":[{"taxonomy":"product_brand","embeddable":true,"href":"https:\/\/selec.ch\/wordpress2\/index.php\/wp-json\/wp\/v2\/product_brand?post=1268"},{"taxonomy":"product_cat","embeddable":true,"href":"https:\/\/selec.ch\/wordpress2\/index.php\/wp-json\/wp\/v2\/product_cat?post=1268"},{"taxonomy":"product_tag","embeddable":true,"href":"https:\/\/selec.ch\/wordpress2\/index.php\/wp-json\/wp\/v2\/product_tag?post=1268"}],"curies":[{"name":"wp","href":"https:\/\/api.w.org\/{rel}","templated":true}]}}